{"id":2412,"date":"2025-08-29T08:55:41","date_gmt":"2025-08-29T06:55:41","guid":{"rendered":"https:\/\/new-site.appifactory.com\/?page_id=2412"},"modified":"2025-08-29T08:55:41","modified_gmt":"2025-08-29T06:55:41","slug":"politicas-de-privacidad","status":"publish","type":"page","link":"https:\/\/biotechrenovables.com\/en\/politicas-de-privacidad\/","title":{"rendered":"Pol\u00edticas de Privacidad"},"content":{"rendered":"<div data-elementor-type=\"wp-page\" data-elementor-id=\"2412\" class=\"elementor elementor-2412\">\n\t\t\t\t<div class=\"elementor-element elementor-element-c8e6b0d e-flex e-con-boxed wpr-particle-no wpr-jarallax-no wpr-parallax-no wpr-sticky-section-no e-con e-parent\" data-id=\"c8e6b0d\" data-element_type=\"container\" data-settings=\"{&quot;background_background&quot;:&quot;classic&quot;}\">\n\t\t\t\t\t<div class=\"e-con-inner\">\n\t\t\t\t<div class=\"elementor-element elementor-element-7232725 elementor-widget__width-initial elementor-widget elementor-widget-heading\" data-id=\"7232725\" data-element_type=\"widget\" data-widget_type=\"heading.default\">\n\t\t\t\t\t<h2 class=\"elementor-heading-title elementor-size-default\">Pol\u00edticas de Cookies <\/h2>\t\t\t\t<\/div>\n\t\t\t\t<div class=\"elementor-element elementor-element-a34be03 elementor-widget elementor-widget-eael-breadcrumbs\" data-id=\"a34be03\" data-element_type=\"widget\" data-widget_type=\"eael-breadcrumbs.default\">\n\t\t\t\t<div class=\"elementor-widget-container\">\n\t\t\t\t\t\t\t<div class=\"eael-breadcrumbs\">\n\t\t\t<div class=\"eael-breadcrumbs__content\"><a href=\"https:\/\/biotechrenovables.com\/en\">Home<\/a> <span class=\"eael-breadcrumb-separator\">\/<\/span> <span class = \"eael-current\">Page<\/span><\/div>\t\t<\/div>\n\t\t\t\t\t\t<\/div>\n\t\t\t\t<\/div>\n\t\t\t\t\t<\/div>\n\t\t\t\t<\/div>\n\t\t<div class=\"elementor-element elementor-element-723423d e-flex e-con-boxed wpr-particle-no wpr-jarallax-no wpr-parallax-no wpr-sticky-section-no e-con e-parent\" data-id=\"723423d\" data-element_type=\"container\">\n\t\t\t\t\t<div class=\"e-con-inner\">\n\t\t<div class=\"elementor-element elementor-element-52eb236 e-flex e-con-boxed wpr-particle-no wpr-jarallax-no wpr-parallax-no wpr-sticky-section-no elementor-invisible e-con e-child\" data-id=\"52eb236\" data-element_type=\"container\" data-settings=\"{&quot;animation&quot;:&quot;slideInRight&quot;}\">\n\t\t\t\t\t<div class=\"e-con-inner\">\n\t\t\t\t<div class=\"elementor-element elementor-element-610caec elementor-widget elementor-widget-text-editor\" data-id=\"610caec\" data-element_type=\"widget\" data-widget_type=\"text-editor.default\">\n\t\t\t\t\t\t\t\t\t<p>Esta p\u00e1gina web utiliza cookies u otros archivos de funcionalidad similar (en adelante, \u201ccookies\u201d) para prestarle un mejor servicio y proporcionarle una mejor experiencia de navegaci\u00f3n. El objetivo de esta pol\u00edtica es informarle de manera clara y detallada de qu\u00e9 es una cookie, cu\u00e1l es su finalidad, qu\u00e9 tipo de cookies utilizamos y c\u00f3mo configurarlas o, en su caso, deshabilitarlas.<\/p><h3><strong>\u00bfQu\u00e9 es una cookie?<\/strong><\/h3><p>Una cookie es un fichero que se descarga en su ordenador al acceder a determinadas p\u00e1ginas web. Las cookies permiten a una p\u00e1gina web, entre otras cosas, almacenar y recuperar informaci\u00f3n sobre los h\u00e1bitos de navegaci\u00f3n de un usuario o de su equipo y, dependiendo de la informaci\u00f3n que contengan y de la forma en que se utilice su equipo, pueden servir para reconocerlo.<\/p><p>No obstante, estos medios s\u00f3lo obtienen informaci\u00f3n relacionada con el n\u00famero de p\u00e1ginas visitadas, la ciudad a la que est\u00e1 asignada la direcci\u00f3n IP desde la que se accede, el n\u00famero de nuevos usuarios, la frecuencia y reincidencia de las visitas, el tiempo de visita, el navegador o el operador o tipo de terminal desde el que se realiza la visita. No se obtienen datos sobre el nombre, apellidos, direcci\u00f3n postal u otros datos an\u00e1logos del usuario que se ha conectado.<\/p><h3><strong>\u00bfQu\u00e9 tipos de cookies existen?<\/strong><\/h3><p>The\u00a0<strong>cookies t\u00e9cnicas<\/strong>\u00a0son aquellas que permiten al usuario la navegaci\u00f3n a trav\u00e9s de una p\u00e1gina web, plataforma o aplicaci\u00f3n y la utilizaci\u00f3n de las diferentes opciones o servicios que en ella existan, incluyendo la gesti\u00f3n y operativa de la p\u00e1gina web y habilitar sus funciones y servicios, como, por ejemplo, identificar la sesi\u00f3n, acceder a partes de acceso restringido, recordar los elementos que integran un pedido, realizar el proceso de compra de un pedido, gestionar el pago, etc. La p\u00e1gina web no puede funcionar adecuadamente sin estas cookies, por lo que se consideran necesarias.<\/p><p>The\u00a0<strong>cookies de preferencias o personalizaci\u00f3n<\/strong>\u00a0permiten a la p\u00e1gina web recordar informaci\u00f3n que cambia la forma en que la p\u00e1gina se comporta o el aspecto que tiene de modo que el usuario acceda al servicio con determinadas caracter\u00edsticas que pueden diferenciar su experiencia de la de otros usuarios, como, por ejemplo, el idioma, el n\u00famero de resultados a mostrar cuando el usuario realiza una b\u00fasqueda o la regi\u00f3n en la que el usuario se encuentra. Si es el propio usuario quien elige esas caracter\u00edsticas, por ejemplo, marcando la bandera del idioma, se considera un servicio expresamente solicitado siempre y cuando las cookies obedezcan exclusivamente a la finalidad seleccionada de personalizaci\u00f3n.<\/p><p>The\u00a0<strong>cookies de an\u00e1lisis o medici\u00f3n<\/strong>\u00a0son aquellas que permiten comprender c\u00f3mo interact\u00faan los visitantes con las p\u00e1ginas web y as\u00ed realizar el an\u00e1lisis estad\u00edstico de la utilizaci\u00f3n que hacen los usuarios de los servicios prestados. La informaci\u00f3n recogida se utiliza en la medici\u00f3n de la actividad de los sitios web o aplicaci\u00f3n con el fin de introducir mejoras en los productos y servicios ofrecidos por el responsable.<\/p><p>The\u00a0<strong>cookies de marketing o publicidad comportamental<\/strong>\u00a0almacenan informaci\u00f3n del comportamiento de los usuarios obtenida a trav\u00e9s de la observaci\u00f3n continuada de sus h\u00e1bitos de navegaci\u00f3n, lo que permite desarrollar un perfil espec\u00edfico para mostrar anuncios relevantes y atractivos para el usuario individual y, por tanto, m\u00e1s valiosos para los terceros anunciantes.<\/p><p>Por otra parte, las<strong>\u00a0cookies pueden ser propias o de terceros.<\/strong>\u00a0Las propias son aqu\u00e9llas que se env\u00edan al equipo terminal del usuario desde un equipo o dominio gestionado por el propio editor de la Web, desde el que se presta el servicio solicitado por el usuario. Las cookies de tercero son aqu\u00e9llas que se env\u00edan al equipo terminal del usuario desde un equipo o dominio que no es gestionado por el editor, sino por otra entidad que trata los datos obtenidos trav\u00e9s de las cookies.<\/p><p>Adem\u00e1s, las\u00a0<strong>cookies pueden ser de sesi\u00f3n o persistentes.<\/strong>\u00a0Las primeras son un tipo de cookies dise\u00f1adas para recabar y almacenar datos s\u00f3lo mientras el usuario est\u00e1 accediendo a una p\u00e1gina web. Las persistentes son un tipo de cookies que hace que los datos sigan almacenados en el terminal y puedan ser accedidos y tratados durante un periodo definido por el responsable de la cookie, que puede ir de unos minutos a varios a\u00f1os.<\/p><h3><strong>\u00bfQui\u00e9n es el responsable del tratamiento de las cookies en esta p\u00e1gina web?<\/strong><\/h3><p>El titular de la web y responsable del tratamiento de las cookies aqu\u00ed utilizadas, as\u00ed como sus datos de contacto, son accesibles en el\u00a0<a href=\"https:\/\/biotechrenovables.com\/en\/aviso-legal\/\"><strong>Legal Notice<\/strong><\/a>\u00a0de esta p\u00e1gina. Asimismo, pueden existir cookies de terceros distintos del titular de esta web, como se explica m\u00e1s abajo.<\/p><h3><strong>\u00bfCu\u00e1les son las cookies que utiliza esta Web y para qu\u00e9 se utilizan?<\/strong><\/h3><p><br \/>Esta Web utiliza cookies propias, que tienen por finalidad ___________________________.<\/p><p>Esta Web utiliza las siguientes cookies de terceros:<\/p><p>Las aplicaciones que utilizan estos terceros son las siguientes:<\/p><h3><strong>\u00bfDurante cu\u00e1nto tiempo se guardan las cookies?<\/strong><\/h3><p>Las cookies _______________ se guardar\u00e1n ________________.<\/p><p>\u00a0<\/p><h3><strong>\u00bfCu\u00e1l es la legitimaci\u00f3n para el uso de las cookies?<\/strong><\/h3><p>En el caso de las cookies t\u00e9cnicas, es decir, aquellas que resultan imprescindibles para navegar por esta web y recibir el servicio ofrecido a trav\u00e9s de ella, la base legal de su uso es el acuerdo a trav\u00e9s del cual usted decide utilizar esta p\u00e1gina web y utilizar sus servicios.<\/p><p>La base legal del uso del resto de cookies es el consentimiento del usuario, que se le solicita en el momento de acceder a esta web, pudiendo revocarlo en cualquier momento. La retirada de dicho consentimiento no afectar\u00e1 a la posibilidad de navegar por esta web y utilizar sus servicios, pero los tratamientos de datos efectuados con anterioridad no perder\u00e1n su licitud por el hecho de que el consentimiento se haya revocado.<\/p><h3><strong>\u00bfA qu\u00e9 destinatarios se comunicar\u00e1n las cookies o podr\u00e1n acceder a ellas?<\/strong><\/h3><p>Cuando existan cookies de terceros, conforme a lo indicado m\u00e1s arriba, dichos terceros podr\u00e1n acceder a las cookies y utilizarlas en la forma antes descrita<\/p><h3><strong>\u00bfQu\u00e9 transferencias internacionales de datos se realizan?<\/strong><\/h3><p>El titular de esta web no realiza transferencias internacionales de las cookies recabadas.<\/p><h3><strong>\u00bfCu\u00e1les son sus derechos en relaci\u00f3n con el uso de cookies?<\/strong><\/h3><p>Puede consultar dichos derechos en nuestra \u201c<strong>Pol\u00edtica de Privacidad<\/strong>\u201d.<\/p><h3><strong>\u00bfC\u00f3mo puedo gestionar las cookies?<\/strong><\/h3><p>Puede usted permitir, bloquear o eliminar las cookies instaladas en su equipo a trav\u00e9s del bot\u00f3n \u201cOPCIONES SOBRE COOKIES\u201d, que aparece al acceder a esta web.<\/p><p>Tambi\u00e9n puede permitir, bloquear o eliminar las cookies instaladas en su dispositivo a trav\u00e9s del men\u00fa de configuraci\u00f3n de su navegador de internet, pudiendo configurarlo para que bloquee las cookies o alerte al usuario cuando un servidor quiera guardarla. Los siguientes enlaces proporcionan informaci\u00f3n en relaci\u00f3n con c\u00f3mo configurar y\/o deshabilitar las cookies para cada uno de los principales navegadores del mercado a fin de que el usuario pueda decidir si acepta o no el uso de cookies. \u2013 Microsoft Internet Explorer: men\u00fa Herramientas &gt; Opciones de Internet &gt; Privacidad &gt; Configuraci\u00f3n. \u2013 Firefox: men\u00fa Herramientas &gt; Opciones &gt; Privacidad &gt; Cookies.<\/p><p>\u2013 Chrome: men\u00fa Opciones &gt; Opciones avanzadas &gt; Privacidad.<\/p><p>\u2013 Safari: men\u00fa Preferencias\/Privacidad.<\/p><p>\u2013 Safari para IOS (iPhone y iPad): Opci\u00f3n Ajustes &gt; Safari<\/p><p>\u2013 Chrome para Android: Configuraci\u00f3n &gt; Configuraci\u00f3n de sitios web &gt; Cookies<\/p><p>Tenga en cuenta que, si acepta las cookies de terceros, deber\u00e1 eliminarlas desde las opciones del navegador o desde el sistema ofrecido por el propio tercero.<\/p>\t\t\t\t\t\t\t\t<\/div>\n\t\t\t\t\t<\/div>\n\t\t\t\t<\/div>\n\t\t\t\t\t<\/div>\n\t\t\t\t<\/div>\n\t\t\t\t<\/div>","protected":false},"excerpt":{"rendered":"<p>Pol\u00edticas de Cookies Inicio \/ P\u00e1gina Esta p\u00e1gina web utiliza cookies u otros archivos de funcionalidad similar (en adelante, \u201ccookies\u201d) para prestarle un mejor servicio y proporcionarle una mejor experiencia de navegaci\u00f3n. El objetivo de esta pol\u00edtica es informarle de manera clara y detallada de qu\u00e9 es una cookie, cu\u00e1l es su finalidad, qu\u00e9 tipo de cookies utilizamos y c\u00f3mo configurarlas o, en su caso, deshabilitarlas. \u00bfQu\u00e9 es una cookie? Una cookie es un fichero que se descarga en su ordenador al acceder a determinadas p\u00e1ginas web. Las cookies permiten a una p\u00e1gina web, entre otras cosas, almacenar y recuperar informaci\u00f3n sobre los h\u00e1bitos de navegaci\u00f3n de un usuario o de su equipo y, dependiendo de la informaci\u00f3n que contengan y de la forma en que se utilice su equipo, pueden servir para reconocerlo. No obstante, estos medios s\u00f3lo obtienen informaci\u00f3n relacionada con el n\u00famero de p\u00e1ginas visitadas, la ciudad a la que est\u00e1 asignada la direcci\u00f3n IP desde la que se accede, el n\u00famero de nuevos usuarios, la frecuencia y reincidencia de las visitas, el tiempo de visita, el navegador o el operador o tipo de terminal desde el que se realiza la visita. No se obtienen datos sobre el nombre, apellidos, direcci\u00f3n postal u otros datos an\u00e1logos del usuario que se ha conectado. \u00bfQu\u00e9 tipos de cookies existen? Las\u00a0cookies t\u00e9cnicas\u00a0son aquellas que permiten al usuario la navegaci\u00f3n a trav\u00e9s de una p\u00e1gina web, plataforma o aplicaci\u00f3n y la utilizaci\u00f3n de las diferentes opciones o servicios que en ella existan, incluyendo la gesti\u00f3n y operativa de la p\u00e1gina web y habilitar sus funciones y servicios, como, por ejemplo, identificar la sesi\u00f3n, acceder a partes de acceso restringido, recordar los elementos que integran un pedido, realizar el proceso de compra de un pedido, gestionar el pago, etc. La p\u00e1gina web no puede funcionar adecuadamente sin estas cookies, por lo que se consideran necesarias. Las\u00a0cookies de preferencias o personalizaci\u00f3n\u00a0permiten a la p\u00e1gina web recordar informaci\u00f3n que cambia la forma en que la p\u00e1gina se comporta o el aspecto que tiene de modo que el usuario acceda al servicio con determinadas caracter\u00edsticas que pueden diferenciar su experiencia de la de otros usuarios, como, por ejemplo, el idioma, el n\u00famero de resultados a mostrar cuando el usuario realiza una b\u00fasqueda o la regi\u00f3n en la que el usuario se encuentra. Si es el propio usuario quien elige esas caracter\u00edsticas, por ejemplo, marcando la bandera del idioma, se considera un servicio expresamente solicitado siempre y cuando las cookies obedezcan exclusivamente a la finalidad seleccionada de personalizaci\u00f3n. Las\u00a0cookies de an\u00e1lisis o medici\u00f3n\u00a0son aquellas que permiten comprender c\u00f3mo interact\u00faan los visitantes con las p\u00e1ginas web y as\u00ed realizar el an\u00e1lisis estad\u00edstico de la utilizaci\u00f3n que hacen los usuarios de los servicios prestados. La informaci\u00f3n recogida se utiliza en la medici\u00f3n de la actividad de los sitios web o aplicaci\u00f3n con el fin de introducir mejoras en los productos y servicios ofrecidos por el responsable. Las\u00a0cookies de marketing o publicidad comportamental\u00a0almacenan informaci\u00f3n del comportamiento de los usuarios obtenida a trav\u00e9s de la observaci\u00f3n continuada de sus h\u00e1bitos de navegaci\u00f3n, lo que permite desarrollar un perfil espec\u00edfico para mostrar anuncios relevantes y atractivos para el usuario individual y, por tanto, m\u00e1s valiosos para los terceros anunciantes. Por otra parte, las\u00a0cookies pueden ser propias o de terceros.\u00a0Las propias son aqu\u00e9llas que se env\u00edan al equipo terminal del usuario desde un equipo o dominio gestionado por el propio editor de la Web, desde el que se presta el servicio solicitado por el usuario. Las cookies de tercero son aqu\u00e9llas que se env\u00edan al equipo terminal del usuario desde un equipo o dominio que no es gestionado por el editor, sino por otra entidad que trata los datos obtenidos trav\u00e9s de las cookies. Adem\u00e1s, las\u00a0cookies pueden ser de sesi\u00f3n o persistentes.\u00a0Las primeras son un tipo de cookies dise\u00f1adas para recabar y almacenar datos s\u00f3lo mientras el usuario est\u00e1 accediendo a una p\u00e1gina web. Las persistentes son un tipo de cookies que hace que los datos sigan almacenados en el terminal y puedan ser accedidos y tratados durante un periodo definido por el responsable de la cookie, que puede ir de unos minutos a varios a\u00f1os. \u00bfQui\u00e9n es el responsable del tratamiento de las cookies en esta p\u00e1gina web? El titular de la web y responsable del tratamiento de las cookies aqu\u00ed utilizadas, as\u00ed como sus datos de contacto, son accesibles en el\u00a0Aviso Legal\u00a0de esta p\u00e1gina. Asimismo, pueden existir cookies de terceros distintos del titular de esta web, como se explica m\u00e1s abajo. \u00bfCu\u00e1les son las cookies que utiliza esta Web y para qu\u00e9 se utilizan? Esta Web utiliza cookies propias, que tienen por finalidad ___________________________. Esta Web utiliza las siguientes cookies de terceros: Las aplicaciones que utilizan estos terceros son las siguientes: \u00bfDurante cu\u00e1nto tiempo se guardan las cookies? Las cookies _______________ se guardar\u00e1n ________________. \u00a0 \u00bfCu\u00e1l es la legitimaci\u00f3n para el uso de las cookies? En el caso de las cookies t\u00e9cnicas, es decir, aquellas que resultan imprescindibles para navegar por esta web y recibir el servicio ofrecido a trav\u00e9s de ella, la base legal de su uso es el acuerdo a trav\u00e9s del cual usted decide utilizar esta p\u00e1gina web y utilizar sus servicios. La base legal del uso del resto de cookies es el consentimiento del usuario, que se le solicita en el momento de acceder a esta web, pudiendo revocarlo en cualquier momento. La retirada de dicho consentimiento no afectar\u00e1 a la posibilidad de navegar por esta web y utilizar sus servicios, pero los tratamientos de datos efectuados con anterioridad no perder\u00e1n su licitud por el hecho de que el consentimiento se haya revocado. \u00bfA qu\u00e9 destinatarios se comunicar\u00e1n las cookies o podr\u00e1n acceder a ellas? Cuando existan cookies de terceros, conforme a lo indicado m\u00e1s arriba, dichos terceros podr\u00e1n acceder a las cookies y utilizarlas en la forma antes descrita \u00bfQu\u00e9 transferencias internacionales de datos se realizan? El titular de esta web no realiza transferencias internacionales de las cookies recabadas. \u00bfCu\u00e1les son sus derechos en<\/p>","protected":false},"author":1,"featured_media":0,"parent":0,"menu_order":0,"comment_status":"closed","ping_status":"closed","template":"elementor_canvas","meta":{"footnotes":""},"class_list":["post-2412","page","type-page","status-publish","hentry"],"_links":{"self":[{"href":"https:\/\/biotechrenovables.com\/en\/wp-json\/wp\/v2\/pages\/2412","targetHints":{"allow":["GET"]}}],"collection":[{"href":"https:\/\/biotechrenovables.com\/en\/wp-json\/wp\/v2\/pages"}],"about":[{"href":"https:\/\/biotechrenovables.com\/en\/wp-json\/wp\/v2\/types\/page"}],"author":[{"embeddable":true,"href":"https:\/\/biotechrenovables.com\/en\/wp-json\/wp\/v2\/users\/1"}],"replies":[{"embeddable":true,"href":"https:\/\/biotechrenovables.com\/en\/wp-json\/wp\/v2\/comments?post=2412"}],"version-history":[{"count":1,"href":"https:\/\/biotechrenovables.com\/en\/wp-json\/wp\/v2\/pages\/2412\/revisions"}],"predecessor-version":[{"id":2413,"href":"https:\/\/biotechrenovables.com\/en\/wp-json\/wp\/v2\/pages\/2412\/revisions\/2413"}],"wp:attachment":[{"href":"https:\/\/biotechrenovables.com\/en\/wp-json\/wp\/v2\/media?parent=2412"}],"curies":[{"name":"wp","href":"https:\/\/api.w.org\/{rel}","templated":true}]}}